{"id":604,"date":"2024-10-23T11:35:21","date_gmt":"2024-10-23T11:35:21","guid":{"rendered":"https:\/\/smallable-project.eu\/?page_id=604"},"modified":"2024-10-23T11:36:38","modified_gmt":"2024-10-23T11:36:38","slug":"smallable-a-fiatalok-szamara-a-felhivas","status":"publish","type":"page","link":"https:\/\/smallable-project.eu\/?page_id=604&lang=hu","title":{"rendered":"Smallable a fiatalok sz\u00e1m\u00e1ra &#8211; A felh\u00edv\u00e1s"},"content":{"rendered":"\t\t<div data-elementor-type=\"wp-page\" data-elementor-id=\"604\" class=\"elementor elementor-604\">\n\t\t\t\t\t\t<section class=\"elementor-section elementor-top-section elementor-element elementor-element-3e89ce35 elementor-section-content-middle elementor-section-boxed elementor-section-height-default elementor-section-height-default\" data-id=\"3e89ce35\" data-element_type=\"section\" data-settings=\"{&quot;background_background&quot;:&quot;classic&quot;}\">\n\t\t\t\t\t\t<div class=\"elementor-container elementor-column-gap-no\">\n\t\t\t\t\t<div class=\"elementor-column elementor-col-100 elementor-top-column elementor-element elementor-element-214f5f8f\" data-id=\"214f5f8f\" data-element_type=\"column\">\n\t\t\t<div class=\"elementor-widget-wrap\">\n\t\t\t\t\t\t\t<\/div>\n\t\t<\/div>\n\t\t\t\t\t<\/div>\n\t\t<\/section>\n\t\t\t\t<section class=\"elementor-section elementor-top-section elementor-element elementor-element-17fa3b78 elementor-section-boxed elementor-section-height-default elementor-section-height-default\" data-id=\"17fa3b78\" data-element_type=\"section\">\n\t\t\t\t\t\t<div class=\"elementor-container elementor-column-gap-default\">\n\t\t\t\t\t<div class=\"elementor-column elementor-col-100 elementor-top-column elementor-element elementor-element-65d1283\" data-id=\"65d1283\" data-element_type=\"column\">\n\t\t\t<div class=\"elementor-widget-wrap elementor-element-populated\">\n\t\t\t\t\t\t<div class=\"elementor-element elementor-element-5f921f5b elementor-widget elementor-widget-heading\" data-id=\"5f921f5b\" data-element_type=\"widget\" data-widget_type=\"heading.default\">\n\t\t\t\t<div class=\"elementor-widget-container\">\n\t\t\t<h4 class=\"elementor-heading-title elementor-size-large\">SMALLABLE A FIATALOK SZ\u00c1M\u00c1RA - A FELH\u00cdV\u00c1S<\/h4>\t\t<\/div>\n\t\t\t\t<\/div>\n\t\t\t\t<div class=\"elementor-element elementor-element-19675a0 elementor-widget-divider--separator-type-pattern elementor-widget-divider--no-spacing elementor-widget-divider--view-line elementor-widget elementor-widget-divider\" data-id=\"19675a0\" data-element_type=\"widget\" data-widget_type=\"divider.default\">\n\t\t\t\t<div class=\"elementor-widget-container\">\n\t\t\t\t\t<div class=\"elementor-divider\" style=\"--divider-pattern-url: url(&quot;data:image\/svg+xml,%3Csvg xmlns=&#039;http:\/\/www.w3.org\/2000\/svg&#039; preserveAspectRatio=&#039;xMidYMid meet&#039; overflow=&#039;visible&#039; height=&#039;100%&#039; viewBox=&#039;0 0 126 26&#039; fill=&#039;black&#039; stroke=&#039;none&#039;%3E%3Cpath d=&#039;M3,10.2c2.6,0,2.6,2,2.6,3.2S4.4,16.5,3,16.5s-3-1.4-3-3.2S0.4,10.2,3,10.2z M18.8,10.2c1.7,0,3.2,1.4,3.2,3.2s-1.4,3.2-3.2,3.2c-1.7,0-3.2-1.4-3.2-3.2S17,10.2,18.8,10.2z M34.6,10.2c1.5,0,2.6,1.4,2.6,3.2s-0.5,3.2-1.9,3.2c-1.5,0-3.4-1.4-3.4-3.2S33.1,10.2,34.6,10.2z M50.5,10.2c1.7,0,3.2,1.4,3.2,3.2s-1.4,3.2-3.2,3.2c-1.7,0-3.3-0.9-3.3-2.6S48.7,10.2,50.5,10.2z M66.2,10.2c1.5,0,3.4,1.4,3.4,3.2s-1.9,3.2-3.4,3.2c-1.5,0-2.6-0.4-2.6-2.1S64.8,10.2,66.2,10.2z M82.2,10.2c1.7,0.8,2.6,1.4,2.6,3.2s-0.1,3.2-1.6,3.2c-1.5,0-3.7-1.4-3.7-3.2S80.5,9.4,82.2,10.2zM98.6,10.2c1.5,0,2.6,0.4,2.6,2.1s-1.2,4.2-2.6,4.2c-1.5,0-3.7-0.4-3.7-2.1S97.1,10.2,98.6,10.2z M113.4,10.2c1.2,0,2.2,0.9,2.2,3.2s-0.1,3.2-1.3,3.2s-3.1-1.4-3.1-3.2S112.2,10.2,113.4,10.2z&#039;\/%3E%3C\/svg%3E&quot;);\">\n\t\t\t<span class=\"elementor-divider-separator\">\n\t\t\t\t\t\t<\/span>\n\t\t<\/div>\n\t\t\t\t<\/div>\n\t\t\t\t<\/div>\n\t\t\t\t<div class=\"elementor-element elementor-element-1101146 elementor-widget elementor-widget-text-editor\" data-id=\"1101146\" data-element_type=\"widget\" data-widget_type=\"text-editor.default\">\n\t\t\t\t<div class=\"elementor-widget-container\">\n\t\t\t\t\t\t\t<p>Minden telep\u00fcl\u00e9sen tervezik egy fiatalokb\u00f3l \u00e1ll\u00f3 csoport &#8211; az \u00fagynevezett c\u00e9lcsoport &#8211; kialak\u00edt\u00e1s\u00e1t, amelyet a teljes tapasztalat k\u00e9pviselet\u00e9re \u00e9s n\u00e9pszer\u0171s\u00edt\u00e9s\u00e9re h\u00edvnak.<\/p><p>A projekt fiatal r\u00e9sztvev\u0151it id\u0151r\u0151l id\u0151re vend\u00e9g\u00fcl l\u00e1tj\u00e1k a k\u00fcl\u00f6nb\u00f6z\u0151 partnertelep\u00fcl\u00e9seken, hogy megismerj\u00e9k a k\u00fcl\u00f6nb\u00f6z\u0151 val\u00f3s\u00e1gokat, foglalkozzanak az eln\u00e9ptelened\u00e9ssel kapcsolatos probl\u00e9m\u00e1kkal, \u00e9s megossz\u00e1k egym\u00e1ssal az \u00f6tleteket, lehet\u0151s\u00e9geket \u00e9s beavatkoz\u00e1si strat\u00e9gi\u00e1kat.<\/p><p>A v\u00e9gs\u0151 c\u00e9l tulajdonk\u00e9ppen az, hogy konkr\u00e9t javaslatot dolgozzanak ki saj\u00e1t ter\u00fclet\u00fckre vonatkoz\u00f3an, amelyet a folyamat v\u00e9g\u00e9n megosztanak a k\u00f6zigazgat\u00e1sukkal \u00e9s a polg\u00e1rokkal.<\/p>\t\t\t\t\t\t<\/div>\n\t\t\t\t<\/div>\n\t\t\t\t<section class=\"elementor-section elementor-inner-section elementor-element elementor-element-49fd19b elementor-section-boxed elementor-section-height-default elementor-section-height-default\" data-id=\"49fd19b\" data-element_type=\"section\">\n\t\t\t\t\t\t<div class=\"elementor-container elementor-column-gap-default\">\n\t\t\t\t\t<div class=\"elementor-column elementor-col-50 elementor-inner-column elementor-element elementor-element-cc2f054\" data-id=\"cc2f054\" data-element_type=\"column\">\n\t\t\t<div class=\"elementor-widget-wrap elementor-element-populated\">\n\t\t\t\t\t\t<div class=\"elementor-element elementor-element-15d3566 elementor-widget elementor-widget-image\" data-id=\"15d3566\" data-element_type=\"widget\" data-widget_type=\"image.default\">\n\t\t\t\t<div class=\"elementor-widget-container\">\n\t\t\t\t\t\t\t\t\t\t\t\t\t<img fetchpriority=\"high\" decoding=\"async\" width=\"300\" height=\"300\" src=\"https:\/\/smallable-project.eu\/wp-content\/uploads\/2023\/08\/SmallABLE1-300x300.png\" class=\"attachment-medium size-medium wp-image-251\" alt=\"\" srcset=\"https:\/\/smallable-project.eu\/wp-content\/uploads\/2023\/08\/SmallABLE1-300x300.png 300w, https:\/\/smallable-project.eu\/wp-content\/uploads\/2023\/08\/SmallABLE1-1024x1024.png 1024w, https:\/\/smallable-project.eu\/wp-content\/uploads\/2023\/08\/SmallABLE1-150x150.png 150w, https:\/\/smallable-project.eu\/wp-content\/uploads\/2023\/08\/SmallABLE1-768x768.png 768w, https:\/\/smallable-project.eu\/wp-content\/uploads\/2023\/08\/SmallABLE1-600x600.png 600w, https:\/\/smallable-project.eu\/wp-content\/uploads\/2023\/08\/SmallABLE1.png 1080w\" sizes=\"(max-width: 300px) 100vw, 300px\" \/>\t\t\t\t\t\t\t\t\t\t\t\t\t<\/div>\n\t\t\t\t<\/div>\n\t\t\t\t\t<\/div>\n\t\t<\/div>\n\t\t\t\t<div class=\"elementor-column elementor-col-50 elementor-inner-column elementor-element elementor-element-eea7b66\" data-id=\"eea7b66\" data-element_type=\"column\">\n\t\t\t<div class=\"elementor-widget-wrap elementor-element-populated\">\n\t\t\t\t\t\t<div class=\"elementor-element elementor-element-620bc40 elementor-widget elementor-widget-text-editor\" data-id=\"620bc40\" data-element_type=\"widget\" data-widget_type=\"text-editor.default\">\n\t\t\t\t<div class=\"elementor-widget-container\">\n\t\t\t\t\t\t\t<p><strong>A tanfolyam sor\u00e1n a fiatalok csoportj\u00e1t t\u00e1mogatj\u00e1k:<\/strong><\/p><ul><li>egy multidiszciplin\u00e1ris szak\u00e9rt\u0151i csoport, amellyel a ter\u00fcleti elemz\u00e9ssel \u00e9s a ter\u00fcleti marginalit\u00e1shoz vezet\u0151 dinamik\u00e1val foglalkoznak (pl. gazdas\u00e1gt\u00f6rt\u00e9net, ter\u00fcletszociol\u00f3gia, t\u00e1rsadalomf\u00f6ldrajz, kultur\u00e1lis antropol\u00f3gia, demogr\u00e1fia, k\u00f6rnyezetpolitika, e-kereskedelem, alternat\u00edv gazdas\u00e1g, szoci\u00e1lis mez\u0151gazdas\u00e1g, ter\u00fcleti tervez\u00e9s, r\u00e9szv\u00e9teli tervez\u00e9s, r\u00e9szv\u00e9teli folyamatok ir\u00e1ny\u00edt\u00e1sa&#8230;);<\/li><li>egy eur\u00f3pai szakpolitikai szak\u00e9rt\u0151kb\u0151l \u00e1ll\u00f3 csapat, hogy jobban megismerj\u00e9k az eur\u00f3pai polg\u00e1rs\u00e1gb\u00f3l fakad\u00f3 lehet\u0151s\u00e9geket;<\/li><li>facilit\u00e1torok, akik saj\u00e1tos \u00e9s alternat\u00edv technik\u00e1kkal \u00e9s m\u00f3dszerekkel el\u0151seg\u00edtik a tagok r\u00e9szv\u00e9tel\u00e9t \u00e9s p\u00e1rbesz\u00e9d\u00e9t.<\/li><\/ul>\t\t\t\t\t\t<\/div>\n\t\t\t\t<\/div>\n\t\t\t\t\t<\/div>\n\t\t<\/div>\n\t\t\t\t\t<\/div>\n\t\t<\/section>\n\t\t\t\t<div class=\"elementor-element elementor-element-d475f0d elementor-widget elementor-widget-spacer\" data-id=\"d475f0d\" data-element_type=\"widget\" data-widget_type=\"spacer.default\">\n\t\t\t\t<div class=\"elementor-widget-container\">\n\t\t\t\t\t<div class=\"elementor-spacer\">\n\t\t\t<div class=\"elementor-spacer-inner\"><\/div>\n\t\t<\/div>\n\t\t\t\t<\/div>\n\t\t\t\t<\/div>\n\t\t\t\t\t<\/div>\n\t\t<\/div>\n\t\t\t\t\t<\/div>\n\t\t<\/section>\n\t\t\t\t<\/div>\n\t\t","protected":false},"excerpt":{"rendered":"<p>SMALLABLE A FIATALOK SZ\u00c1M\u00c1RA &#8211; A FELH\u00cdV\u00c1S Minden telep\u00fcl\u00e9sen tervezik egy fiatalokb\u00f3l \u00e1ll\u00f3 csoport &#8211; az \u00fagynevezett c\u00e9lcsoport &#8211; kialak\u00edt\u00e1s\u00e1t, amelyet a teljes tapasztalat k\u00e9pviselet\u00e9re \u00e9s n\u00e9pszer\u0171s\u00edt\u00e9s\u00e9re h\u00edvnak. A projekt fiatal r\u00e9sztvev\u0151it id\u0151r\u0151l id\u0151re vend\u00e9g\u00fcl l\u00e1tj\u00e1k a k\u00fcl\u00f6nb\u00f6z\u0151 partnertelep\u00fcl\u00e9seken, hogy megismerj\u00e9k a k\u00fcl\u00f6nb\u00f6z\u0151 val\u00f3s\u00e1gokat, foglalkozzanak az eln\u00e9ptelened\u00e9ssel kapcsolatos probl\u00e9m\u00e1kkal, \u00e9s megossz\u00e1k egym\u00e1ssal az \u00f6tleteket, lehet\u0151s\u00e9geket [&hellip;]<\/p>\n","protected":false},"author":1,"featured_media":0,"parent":0,"menu_order":0,"comment_status":"closed","ping_status":"closed","template":"","meta":{"ocean_post_layout":"full-screen","ocean_both_sidebars_style":"","ocean_both_sidebars_content_width":0,"ocean_both_sidebars_sidebars_width":0,"ocean_sidebar":"0","ocean_second_sidebar":"0","ocean_disable_margins":"enable","ocean_add_body_class":"","ocean_shortcode_before_top_bar":"","ocean_shortcode_after_top_bar":"","ocean_shortcode_before_header":"","ocean_shortcode_after_header":"","ocean_has_shortcode":"","ocean_shortcode_after_title":"","ocean_shortcode_before_footer_widgets":"","ocean_shortcode_after_footer_widgets":"","ocean_shortcode_before_footer_bottom":"","ocean_shortcode_after_footer_bottom":"","ocean_display_top_bar":"default","ocean_display_header":"default","ocean_header_style":"","ocean_center_header_left_menu":"0","ocean_custom_header_template":"0","ocean_custom_logo":0,"ocean_custom_retina_logo":0,"ocean_custom_logo_max_width":0,"ocean_custom_logo_tablet_max_width":0,"ocean_custom_logo_mobile_max_width":0,"ocean_custom_logo_max_height":0,"ocean_custom_logo_tablet_max_height":0,"ocean_custom_logo_mobile_max_height":0,"ocean_header_custom_menu":"0","ocean_menu_typo_font_family":"0","ocean_menu_typo_font_subset":"","ocean_menu_typo_font_size":0,"ocean_menu_typo_font_size_tablet":0,"ocean_menu_typo_font_size_mobile":0,"ocean_menu_typo_font_size_unit":"px","ocean_menu_typo_font_weight":"","ocean_menu_typo_font_weight_tablet":"","ocean_menu_typo_font_weight_mobile":"","ocean_menu_typo_transform":"","ocean_menu_typo_transform_tablet":"","ocean_menu_typo_transform_mobile":"","ocean_menu_typo_line_height":0,"ocean_menu_typo_line_height_tablet":0,"ocean_menu_typo_line_height_mobile":0,"ocean_menu_typo_line_height_unit":"","ocean_menu_typo_spacing":0,"ocean_menu_typo_spacing_tablet":0,"ocean_menu_typo_spacing_mobile":0,"ocean_menu_typo_spacing_unit":"","ocean_menu_link_color":"","ocean_menu_link_color_hover":"","ocean_menu_link_color_active":"","ocean_menu_link_background":"","ocean_menu_link_hover_background":"","ocean_menu_link_active_background":"","ocean_menu_social_links_bg":"","ocean_menu_social_hover_links_bg":"","ocean_menu_social_links_color":"","ocean_menu_social_hover_links_color":"","ocean_disable_title":"on","ocean_disable_heading":"default","ocean_post_title":"","ocean_post_subheading":"","ocean_post_title_style":"","ocean_post_title_background_color":"","ocean_post_title_background":0,"ocean_post_title_bg_image_position":"","ocean_post_title_bg_image_attachment":"","ocean_post_title_bg_image_repeat":"","ocean_post_title_bg_image_size":"","ocean_post_title_height":0,"ocean_post_title_bg_overlay":0.5,"ocean_post_title_bg_overlay_color":"","ocean_disable_breadcrumbs":"default","ocean_breadcrumbs_color":"","ocean_breadcrumbs_separator_color":"","ocean_breadcrumbs_links_color":"","ocean_breadcrumbs_links_hover_color":"","ocean_display_footer_widgets":"default","ocean_display_footer_bottom":"default","ocean_custom_footer_template":"0","footnotes":""},"class_list":["post-604","page","type-page","status-publish","hentry","entry"],"_links":{"self":[{"href":"https:\/\/smallable-project.eu\/index.php?rest_route=\/wp\/v2\/pages\/604","targetHints":{"allow":["GET"]}}],"collection":[{"href":"https:\/\/smallable-project.eu\/index.php?rest_route=\/wp\/v2\/pages"}],"about":[{"href":"https:\/\/smallable-project.eu\/index.php?rest_route=\/wp\/v2\/types\/page"}],"author":[{"embeddable":true,"href":"https:\/\/smallable-project.eu\/index.php?rest_route=\/wp\/v2\/users\/1"}],"replies":[{"embeddable":true,"href":"https:\/\/smallable-project.eu\/index.php?rest_route=%2Fwp%2Fv2%2Fcomments&post=604"}],"version-history":[{"count":4,"href":"https:\/\/smallable-project.eu\/index.php?rest_route=\/wp\/v2\/pages\/604\/revisions"}],"predecessor-version":[{"id":608,"href":"https:\/\/smallable-project.eu\/index.php?rest_route=\/wp\/v2\/pages\/604\/revisions\/608"}],"wp:attachment":[{"href":"https:\/\/smallable-project.eu\/index.php?rest_route=%2Fwp%2Fv2%2Fmedia&parent=604"}],"curies":[{"name":"wp","href":"https:\/\/api.w.org\/{rel}","templated":true}]}}