{"id":599,"date":"2024-10-23T11:33:58","date_gmt":"2024-10-23T11:33:58","guid":{"rendered":"https:\/\/smallable-project.eu\/?page_id=599"},"modified":"2024-10-23T11:34:49","modified_gmt":"2024-10-23T11:34:49","slug":"tervezett-tevekenysegek-es-esemenyek","status":"publish","type":"page","link":"https:\/\/smallable-project.eu\/?page_id=599&lang=hu","title":{"rendered":"Tervezett tev\u00e9kenys\u00e9gek \u00e9s esem\u00e9nyek"},"content":{"rendered":"\t\t<div data-elementor-type=\"wp-page\" data-elementor-id=\"599\" class=\"elementor elementor-599\">\n\t\t\t\t\t\t<section class=\"elementor-section elementor-top-section elementor-element elementor-element-39fb859a elementor-section-content-middle elementor-section-boxed elementor-section-height-default elementor-section-height-default\" data-id=\"39fb859a\" data-element_type=\"section\" data-settings=\"{&quot;background_background&quot;:&quot;classic&quot;}\">\n\t\t\t\t\t\t<div class=\"elementor-container elementor-column-gap-no\">\n\t\t\t\t\t<div class=\"elementor-column elementor-col-100 elementor-top-column elementor-element elementor-element-72894471\" data-id=\"72894471\" data-element_type=\"column\">\n\t\t\t<div class=\"elementor-widget-wrap\">\n\t\t\t\t\t\t\t<\/div>\n\t\t<\/div>\n\t\t\t\t\t<\/div>\n\t\t<\/section>\n\t\t\t\t<section class=\"elementor-section elementor-top-section elementor-element elementor-element-62e5f678 elementor-section-boxed elementor-section-height-default elementor-section-height-default\" data-id=\"62e5f678\" data-element_type=\"section\">\n\t\t\t\t\t\t<div class=\"elementor-container elementor-column-gap-default\">\n\t\t\t\t\t<div class=\"elementor-column elementor-col-100 elementor-top-column elementor-element elementor-element-53930905\" data-id=\"53930905\" data-element_type=\"column\">\n\t\t\t<div class=\"elementor-widget-wrap elementor-element-populated\">\n\t\t\t\t\t\t<div class=\"elementor-element elementor-element-596d4c64 elementor-widget elementor-widget-heading\" data-id=\"596d4c64\" data-element_type=\"widget\" data-widget_type=\"heading.default\">\n\t\t\t\t<div class=\"elementor-widget-container\">\n\t\t\t<h4 class=\"elementor-heading-title elementor-size-large\">TERVEZETT TEV\u00c9KENYS\u00c9GEK \u00c9S ESEM\u00c9NYEK<\/h4>\t\t<\/div>\n\t\t\t\t<\/div>\n\t\t\t\t<div class=\"elementor-element elementor-element-5faac562 elementor-widget-divider--separator-type-pattern elementor-widget-divider--no-spacing elementor-widget-divider--view-line elementor-widget elementor-widget-divider\" data-id=\"5faac562\" data-element_type=\"widget\" data-widget_type=\"divider.default\">\n\t\t\t\t<div class=\"elementor-widget-container\">\n\t\t\t\t\t<div class=\"elementor-divider\" style=\"--divider-pattern-url: url(&quot;data:image\/svg+xml,%3Csvg xmlns=&#039;http:\/\/www.w3.org\/2000\/svg&#039; preserveAspectRatio=&#039;xMidYMid meet&#039; overflow=&#039;visible&#039; height=&#039;100%&#039; viewBox=&#039;0 0 126 26&#039; fill=&#039;black&#039; stroke=&#039;none&#039;%3E%3Cpath d=&#039;M3,10.2c2.6,0,2.6,2,2.6,3.2S4.4,16.5,3,16.5s-3-1.4-3-3.2S0.4,10.2,3,10.2z M18.8,10.2c1.7,0,3.2,1.4,3.2,3.2s-1.4,3.2-3.2,3.2c-1.7,0-3.2-1.4-3.2-3.2S17,10.2,18.8,10.2z M34.6,10.2c1.5,0,2.6,1.4,2.6,3.2s-0.5,3.2-1.9,3.2c-1.5,0-3.4-1.4-3.4-3.2S33.1,10.2,34.6,10.2z M50.5,10.2c1.7,0,3.2,1.4,3.2,3.2s-1.4,3.2-3.2,3.2c-1.7,0-3.3-0.9-3.3-2.6S48.7,10.2,50.5,10.2z M66.2,10.2c1.5,0,3.4,1.4,3.4,3.2s-1.9,3.2-3.4,3.2c-1.5,0-2.6-0.4-2.6-2.1S64.8,10.2,66.2,10.2z M82.2,10.2c1.7,0.8,2.6,1.4,2.6,3.2s-0.1,3.2-1.6,3.2c-1.5,0-3.7-1.4-3.7-3.2S80.5,9.4,82.2,10.2zM98.6,10.2c1.5,0,2.6,0.4,2.6,2.1s-1.2,4.2-2.6,4.2c-1.5,0-3.7-0.4-3.7-2.1S97.1,10.2,98.6,10.2z M113.4,10.2c1.2,0,2.2,0.9,2.2,3.2s-0.1,3.2-1.3,3.2s-3.1-1.4-3.1-3.2S112.2,10.2,113.4,10.2z&#039;\/%3E%3C\/svg%3E&quot;);\">\n\t\t\t<span class=\"elementor-divider-separator\">\n\t\t\t\t\t\t<\/span>\n\t\t<\/div>\n\t\t\t\t<\/div>\n\t\t\t\t<\/div>\n\t\t\t\t\t<\/div>\n\t\t<\/div>\n\t\t\t\t\t<\/div>\n\t\t<\/section>\n\t\t\t\t<section class=\"elementor-section elementor-top-section elementor-element elementor-element-5aeabe6 elementor-section-boxed elementor-section-height-default elementor-section-height-default\" data-id=\"5aeabe6\" data-element_type=\"section\">\n\t\t\t\t\t\t<div class=\"elementor-container elementor-column-gap-default\">\n\t\t\t\t\t<div class=\"elementor-column elementor-col-100 elementor-top-column elementor-element elementor-element-12ddd1d\" data-id=\"12ddd1d\" data-element_type=\"column\">\n\t\t\t<div class=\"elementor-widget-wrap elementor-element-populated\">\n\t\t\t\t\t\t<section class=\"elementor-section elementor-inner-section elementor-element elementor-element-d273195 elementor-section-boxed elementor-section-height-default elementor-section-height-default\" data-id=\"d273195\" data-element_type=\"section\">\n\t\t\t\t\t\t<div class=\"elementor-container elementor-column-gap-default\">\n\t\t\t\t\t<div class=\"elementor-column elementor-col-50 elementor-inner-column elementor-element elementor-element-e91d38d\" data-id=\"e91d38d\" data-element_type=\"column\">\n\t\t\t<div class=\"elementor-widget-wrap elementor-element-populated\">\n\t\t\t\t\t\t<div class=\"elementor-element elementor-element-a556fff elementor-widget elementor-widget-text-editor\" data-id=\"a556fff\" data-element_type=\"widget\" data-widget_type=\"text-editor.default\">\n\t\t\t\t<div class=\"elementor-widget-container\">\n\t\t\t\t\t\t\t<p>A SMALLABLE projekt egy sor esem\u00e9nyt foglal mag\u00e1ban, amelyek c\u00e9lja a t\u00e9m\u00e1k, t\u00f6rekv\u00e9sek \u00e9s beavatkoz\u00e1si modellek k\u00f6lcs\u00f6n\u00f6s beporz\u00e1sa.<\/p><p><strong>A tervezett tev\u00e9kenys\u00e9gek c\u00e9lja:<\/strong><\/p><ol><li>az eur\u00f3pai t\u00e9rs\u00e9gben tal\u00e1lhat\u00f3, a k\u00f6z\u00f6s marginalit\u00e1s szempontj\u00e1b\u00f3l ter\u00fcleti probl\u00e9m\u00e1kkal k\u00fczd\u0151 val\u00f3s\u00e1gok meg\u00e9rt\u00e9se;<\/li><li>a ter\u00fcleti peremhelyzet \u00e1ltal\u00e1nos\u00edt\u00e1s\u00e1nak lehet\u0151s\u00e9g\u00e9re val\u00f3 figyelemfelkelt\u00e9s \u00e9s az ebb\u0151l ad\u00f3d\u00f3 probl\u00e9m\u00e1kra val\u00f3 reflekt\u00e1l\u00e1s;<\/li><li>meg\u00e9rteni az EU szerep\u00e9t a szolidarit\u00e1s, az integr\u00e1ci\u00f3, a t\u00e1rsadalmi koh\u00e9zi\u00f3 \u00e9s a fenntarthat\u00f3 fejl\u0151d\u00e9s \u00e9rt\u00e9kei \u00e1ltal inspir\u00e1lt politik\u00e1k meghat\u00e1roz\u00e1s\u00e1ban;<\/li><li>az EU \u00e1ltal a k\u00f6z\u00f6ss\u00e9gi szint\u0171 kapcsolatok \u00e9s csereprogramok l\u00e9trehoz\u00e1s\u00e1nak lehet\u0151s\u00e9ge r\u00e9v\u00e9n biztos\u00edtott hozz\u00e1adott \u00e9rt\u00e9k elismer\u00e9se \u00e9s el\u0151mozd\u00edt\u00e1sa;<\/li><li>az eur\u00f3pai polg\u00e1rok k\u00f6z\u00f6tti tal\u00e1lkoz\u00e1si \u00e9s interakci\u00f3s lehet\u0151s\u00e9gek jav\u00edt\u00e1sa \u00e9s fokoz\u00e1sa;<\/li><li>a m\u00e1s kontextusokban szerzett tapasztalatok \u00e9s gyakorlatok ismerete \u00e9s a m\u00e1s szerepl\u0151kkel val\u00f3 interakci\u00f3 r\u00e9v\u00e9n \u00faj helyreprezent\u00e1ci\u00f3kat hoz l\u00e9tre;<\/li><li>a metaprojektek c\u00e9lkit\u0171z\u00e9seinek meghat\u00e1roz\u00e1sa;<\/li><li>innovat\u00edv javaslatok azonos\u00edt\u00e1sa \u00e9s olyan projektek kidolgoz\u00e1sa, amelyek alkalmasak a ter\u00fcleti marginalit\u00e1s elleni k\u00fczdelemre;<\/li><li>a bev\u00e1lt gyakorlatok \u00e9s beavatkoz\u00e1si strat\u00e9gi\u00e1k cser\u00e9je.<\/li><\/ol>\t\t\t\t\t\t<\/div>\n\t\t\t\t<\/div>\n\t\t\t\t\t<\/div>\n\t\t<\/div>\n\t\t\t\t<div class=\"elementor-column elementor-col-50 elementor-inner-column elementor-element elementor-element-a1e990e\" data-id=\"a1e990e\" data-element_type=\"column\">\n\t\t\t<div class=\"elementor-widget-wrap elementor-element-populated\">\n\t\t\t\t\t\t<div class=\"elementor-element elementor-element-a573693 elementor-widget elementor-widget-image\" data-id=\"a573693\" data-element_type=\"widget\" data-widget_type=\"image.default\">\n\t\t\t\t<div class=\"elementor-widget-container\">\n\t\t\t\t\t\t\t\t\t\t\t\t\t<img fetchpriority=\"high\" decoding=\"async\" width=\"1024\" height=\"1024\" src=\"https:\/\/smallable-project.eu\/wp-content\/uploads\/2023\/08\/1-2-1024x1024.png\" class=\"attachment-large size-large wp-image-174\" alt=\"\" srcset=\"https:\/\/smallable-project.eu\/wp-content\/uploads\/2023\/08\/1-2-1024x1024.png 1024w, https:\/\/smallable-project.eu\/wp-content\/uploads\/2023\/08\/1-2-300x300.png 300w, https:\/\/smallable-project.eu\/wp-content\/uploads\/2023\/08\/1-2-150x150.png 150w, https:\/\/smallable-project.eu\/wp-content\/uploads\/2023\/08\/1-2-768x768.png 768w, https:\/\/smallable-project.eu\/wp-content\/uploads\/2023\/08\/1-2-600x600.png 600w, https:\/\/smallable-project.eu\/wp-content\/uploads\/2023\/08\/1-2.png 1080w\" sizes=\"(max-width: 1024px) 100vw, 1024px\" \/>\t\t\t\t\t\t\t\t\t\t\t\t\t<\/div>\n\t\t\t\t<\/div>\n\t\t\t\t\t<\/div>\n\t\t<\/div>\n\t\t\t\t\t<\/div>\n\t\t<\/section>\n\t\t\t\t\t<\/div>\n\t\t<\/div>\n\t\t\t\t\t<\/div>\n\t\t<\/section>\n\t\t\t\t<section class=\"elementor-section elementor-top-section elementor-element elementor-element-1a34f60 elementor-section-boxed elementor-section-height-default elementor-section-height-default\" data-id=\"1a34f60\" data-element_type=\"section\">\n\t\t\t\t\t\t<div class=\"elementor-container elementor-column-gap-default\">\n\t\t\t\t\t<div class=\"elementor-column elementor-col-100 elementor-top-column elementor-element elementor-element-740662c\" data-id=\"740662c\" data-element_type=\"column\">\n\t\t\t<div class=\"elementor-widget-wrap elementor-element-populated\">\n\t\t\t\t\t\t<div class=\"elementor-element elementor-element-470b4ce elementor-widget elementor-widget-spacer\" data-id=\"470b4ce\" data-element_type=\"widget\" data-widget_type=\"spacer.default\">\n\t\t\t\t<div class=\"elementor-widget-container\">\n\t\t\t\t\t<div class=\"elementor-spacer\">\n\t\t\t<div class=\"elementor-spacer-inner\"><\/div>\n\t\t<\/div>\n\t\t\t\t<\/div>\n\t\t\t\t<\/div>\n\t\t\t\t\t<\/div>\n\t\t<\/div>\n\t\t\t\t\t<\/div>\n\t\t<\/section>\n\t\t\t\t<\/div>\n\t\t","protected":false},"excerpt":{"rendered":"<p>TERVEZETT TEV\u00c9KENYS\u00c9GEK \u00c9S ESEM\u00c9NYEK A SMALLABLE projekt egy sor esem\u00e9nyt foglal mag\u00e1ban, amelyek c\u00e9lja a t\u00e9m\u00e1k, t\u00f6rekv\u00e9sek \u00e9s beavatkoz\u00e1si modellek k\u00f6lcs\u00f6n\u00f6s beporz\u00e1sa. A tervezett tev\u00e9kenys\u00e9gek c\u00e9lja: az eur\u00f3pai t\u00e9rs\u00e9gben tal\u00e1lhat\u00f3, a k\u00f6z\u00f6s marginalit\u00e1s szempontj\u00e1b\u00f3l ter\u00fcleti probl\u00e9m\u00e1kkal k\u00fczd\u0151 val\u00f3s\u00e1gok meg\u00e9rt\u00e9se; a ter\u00fcleti peremhelyzet \u00e1ltal\u00e1nos\u00edt\u00e1s\u00e1nak lehet\u0151s\u00e9g\u00e9re val\u00f3 figyelemfelkelt\u00e9s \u00e9s az ebb\u0151l ad\u00f3d\u00f3 probl\u00e9m\u00e1kra val\u00f3 reflekt\u00e1l\u00e1s; meg\u00e9rteni az [&hellip;]<\/p>\n","protected":false},"author":1,"featured_media":0,"parent":0,"menu_order":0,"comment_status":"closed","ping_status":"closed","template":"","meta":{"ocean_post_layout":"full-screen","ocean_both_sidebars_style":"","ocean_both_sidebars_content_width":0,"ocean_both_sidebars_sidebars_width":0,"ocean_sidebar":"0","ocean_second_sidebar":"0","ocean_disable_margins":"enable","ocean_add_body_class":"","ocean_shortcode_before_top_bar":"","ocean_shortcode_after_top_bar":"","ocean_shortcode_before_header":"","ocean_shortcode_after_header":"","ocean_has_shortcode":"","ocean_shortcode_after_title":"","ocean_shortcode_before_footer_widgets":"","ocean_shortcode_after_footer_widgets":"","ocean_shortcode_before_footer_bottom":"","ocean_shortcode_after_footer_bottom":"","ocean_display_top_bar":"default","ocean_display_header":"default","ocean_header_style":"","ocean_center_header_left_menu":"0","ocean_custom_header_template":"0","ocean_custom_logo":0,"ocean_custom_retina_logo":0,"ocean_custom_logo_max_width":0,"ocean_custom_logo_tablet_max_width":0,"ocean_custom_logo_mobile_max_width":0,"ocean_custom_logo_max_height":0,"ocean_custom_logo_tablet_max_height":0,"ocean_custom_logo_mobile_max_height":0,"ocean_header_custom_menu":"0","ocean_menu_typo_font_family":"0","ocean_menu_typo_font_subset":"","ocean_menu_typo_font_size":0,"ocean_menu_typo_font_size_tablet":0,"ocean_menu_typo_font_size_mobile":0,"ocean_menu_typo_font_size_unit":"px","ocean_menu_typo_font_weight":"","ocean_menu_typo_font_weight_tablet":"","ocean_menu_typo_font_weight_mobile":"","ocean_menu_typo_transform":"","ocean_menu_typo_transform_tablet":"","ocean_menu_typo_transform_mobile":"","ocean_menu_typo_line_height":0,"ocean_menu_typo_line_height_tablet":0,"ocean_menu_typo_line_height_mobile":0,"ocean_menu_typo_line_height_unit":"","ocean_menu_typo_spacing":0,"ocean_menu_typo_spacing_tablet":0,"ocean_menu_typo_spacing_mobile":0,"ocean_menu_typo_spacing_unit":"","ocean_menu_link_color":"","ocean_menu_link_color_hover":"","ocean_menu_link_color_active":"","ocean_menu_link_background":"","ocean_menu_link_hover_background":"","ocean_menu_link_active_background":"","ocean_menu_social_links_bg":"","ocean_menu_social_hover_links_bg":"","ocean_menu_social_links_color":"","ocean_menu_social_hover_links_color":"","ocean_disable_title":"on","ocean_disable_heading":"default","ocean_post_title":"","ocean_post_subheading":"","ocean_post_title_style":"","ocean_post_title_background_color":"","ocean_post_title_background":0,"ocean_post_title_bg_image_position":"","ocean_post_title_bg_image_attachment":"","ocean_post_title_bg_image_repeat":"","ocean_post_title_bg_image_size":"","ocean_post_title_height":0,"ocean_post_title_bg_overlay":0.5,"ocean_post_title_bg_overlay_color":"","ocean_disable_breadcrumbs":"default","ocean_breadcrumbs_color":"","ocean_breadcrumbs_separator_color":"","ocean_breadcrumbs_links_color":"","ocean_breadcrumbs_links_hover_color":"","ocean_display_footer_widgets":"default","ocean_display_footer_bottom":"default","ocean_custom_footer_template":"0","footnotes":""},"class_list":["post-599","page","type-page","status-publish","hentry","entry"],"_links":{"self":[{"href":"https:\/\/smallable-project.eu\/index.php?rest_route=\/wp\/v2\/pages\/599","targetHints":{"allow":["GET"]}}],"collection":[{"href":"https:\/\/smallable-project.eu\/index.php?rest_route=\/wp\/v2\/pages"}],"about":[{"href":"https:\/\/smallable-project.eu\/index.php?rest_route=\/wp\/v2\/types\/page"}],"author":[{"embeddable":true,"href":"https:\/\/smallable-project.eu\/index.php?rest_route=\/wp\/v2\/users\/1"}],"replies":[{"embeddable":true,"href":"https:\/\/smallable-project.eu\/index.php?rest_route=%2Fwp%2Fv2%2Fcomments&post=599"}],"version-history":[{"count":4,"href":"https:\/\/smallable-project.eu\/index.php?rest_route=\/wp\/v2\/pages\/599\/revisions"}],"predecessor-version":[{"id":603,"href":"https:\/\/smallable-project.eu\/index.php?rest_route=\/wp\/v2\/pages\/599\/revisions\/603"}],"wp:attachment":[{"href":"https:\/\/smallable-project.eu\/index.php?rest_route=%2Fwp%2Fv2%2Fmedia&parent=599"}],"curies":[{"name":"wp","href":"https:\/\/api.w.org\/{rel}","templated":true}]}}