{"id":490,"date":"2024-10-22T14:33:31","date_gmt":"2024-10-22T14:33:31","guid":{"rendered":"https:\/\/smallable-project.eu\/?page_id=490"},"modified":"2024-10-22T14:34:38","modified_gmt":"2024-10-22T14:34:38","slug":"as-razoes-do-projeto","status":"publish","type":"page","link":"https:\/\/smallable-project.eu\/?page_id=490&lang=pt","title":{"rendered":"As raz\u00f5es do projeto"},"content":{"rendered":"\t\t<div data-elementor-type=\"wp-page\" data-elementor-id=\"490\" class=\"elementor elementor-490\">\n\t\t\t\t\t\t<section class=\"elementor-section elementor-top-section elementor-element elementor-element-18f7852c elementor-section-content-middle elementor-section-boxed elementor-section-height-default elementor-section-height-default\" data-id=\"18f7852c\" data-element_type=\"section\" data-settings=\"{&quot;background_background&quot;:&quot;classic&quot;}\">\n\t\t\t\t\t\t<div class=\"elementor-container elementor-column-gap-no\">\n\t\t\t\t\t<div class=\"elementor-column elementor-col-100 elementor-top-column elementor-element elementor-element-4d407d3e\" data-id=\"4d407d3e\" data-element_type=\"column\">\n\t\t\t<div class=\"elementor-widget-wrap\">\n\t\t\t\t\t\t\t<\/div>\n\t\t<\/div>\n\t\t\t\t\t<\/div>\n\t\t<\/section>\n\t\t\t\t<section class=\"elementor-section elementor-top-section elementor-element elementor-element-5b246ca6 elementor-section-boxed elementor-section-height-default elementor-section-height-default\" data-id=\"5b246ca6\" data-element_type=\"section\">\n\t\t\t\t\t\t<div class=\"elementor-container elementor-column-gap-default\">\n\t\t\t\t\t<div class=\"elementor-column elementor-col-100 elementor-top-column elementor-element elementor-element-2e7f604\" data-id=\"2e7f604\" data-element_type=\"column\">\n\t\t\t<div class=\"elementor-widget-wrap elementor-element-populated\">\n\t\t\t\t\t\t<div class=\"elementor-element elementor-element-44590dc5 elementor-widget elementor-widget-heading\" data-id=\"44590dc5\" data-element_type=\"widget\" data-widget_type=\"heading.default\">\n\t\t\t\t<div class=\"elementor-widget-container\">\n\t\t\t<h4 class=\"elementor-heading-title elementor-size-large\">AS RAZ\u00d5ES DO PROJETO<\/h4>\t\t<\/div>\n\t\t\t\t<\/div>\n\t\t\t\t<div class=\"elementor-element elementor-element-4c6bc7f2 elementor-widget-divider--separator-type-pattern elementor-widget-divider--no-spacing elementor-widget-divider--view-line elementor-widget elementor-widget-divider\" data-id=\"4c6bc7f2\" data-element_type=\"widget\" data-widget_type=\"divider.default\">\n\t\t\t\t<div class=\"elementor-widget-container\">\n\t\t\t\t\t<div class=\"elementor-divider\" style=\"--divider-pattern-url: url(&quot;data:image\/svg+xml,%3Csvg xmlns=&#039;http:\/\/www.w3.org\/2000\/svg&#039; preserveAspectRatio=&#039;xMidYMid meet&#039; overflow=&#039;visible&#039; height=&#039;100%&#039; viewBox=&#039;0 0 126 26&#039; fill=&#039;black&#039; stroke=&#039;none&#039;%3E%3Cpath d=&#039;M3,10.2c2.6,0,2.6,2,2.6,3.2S4.4,16.5,3,16.5s-3-1.4-3-3.2S0.4,10.2,3,10.2z M18.8,10.2c1.7,0,3.2,1.4,3.2,3.2s-1.4,3.2-3.2,3.2c-1.7,0-3.2-1.4-3.2-3.2S17,10.2,18.8,10.2z M34.6,10.2c1.5,0,2.6,1.4,2.6,3.2s-0.5,3.2-1.9,3.2c-1.5,0-3.4-1.4-3.4-3.2S33.1,10.2,34.6,10.2z M50.5,10.2c1.7,0,3.2,1.4,3.2,3.2s-1.4,3.2-3.2,3.2c-1.7,0-3.3-0.9-3.3-2.6S48.7,10.2,50.5,10.2z M66.2,10.2c1.5,0,3.4,1.4,3.4,3.2s-1.9,3.2-3.4,3.2c-1.5,0-2.6-0.4-2.6-2.1S64.8,10.2,66.2,10.2z M82.2,10.2c1.7,0.8,2.6,1.4,2.6,3.2s-0.1,3.2-1.6,3.2c-1.5,0-3.7-1.4-3.7-3.2S80.5,9.4,82.2,10.2zM98.6,10.2c1.5,0,2.6,0.4,2.6,2.1s-1.2,4.2-2.6,4.2c-1.5,0-3.7-0.4-3.7-2.1S97.1,10.2,98.6,10.2z M113.4,10.2c1.2,0,2.2,0.9,2.2,3.2s-0.1,3.2-1.3,3.2s-3.1-1.4-3.1-3.2S112.2,10.2,113.4,10.2z&#039;\/%3E%3C\/svg%3E&quot;);\">\n\t\t\t<span class=\"elementor-divider-separator\">\n\t\t\t\t\t\t<\/span>\n\t\t<\/div>\n\t\t\t\t<\/div>\n\t\t\t\t<\/div>\n\t\t\t\t\t<\/div>\n\t\t<\/div>\n\t\t\t\t\t<\/div>\n\t\t<\/section>\n\t\t\t\t<section class=\"elementor-section elementor-top-section elementor-element elementor-element-582ec8c elementor-section-boxed elementor-section-height-default elementor-section-height-default\" data-id=\"582ec8c\" data-element_type=\"section\">\n\t\t\t\t\t\t<div class=\"elementor-container elementor-column-gap-default\">\n\t\t\t\t\t<div class=\"elementor-column elementor-col-100 elementor-top-column elementor-element elementor-element-679c250\" data-id=\"679c250\" data-element_type=\"column\">\n\t\t\t<div class=\"elementor-widget-wrap elementor-element-populated\">\n\t\t\t\t\t\t<section class=\"elementor-section elementor-inner-section elementor-element elementor-element-79bee55 elementor-section-boxed elementor-section-height-default elementor-section-height-default\" data-id=\"79bee55\" data-element_type=\"section\">\n\t\t\t\t\t\t<div class=\"elementor-container elementor-column-gap-default\">\n\t\t\t\t\t<div class=\"elementor-column elementor-col-50 elementor-inner-column elementor-element elementor-element-871a4b7\" data-id=\"871a4b7\" data-element_type=\"column\">\n\t\t\t<div class=\"elementor-widget-wrap elementor-element-populated\">\n\t\t\t\t\t\t<div class=\"elementor-element elementor-element-197ef61 elementor-widget elementor-widget-text-editor\" data-id=\"197ef61\" data-element_type=\"widget\" data-widget_type=\"text-editor.default\">\n\t\t\t\t<div class=\"elementor-widget-container\">\n\t\t\t\t\t\t\t<p>As raz\u00f5es do Projeto SMALLABLE s\u00e3o atribu\u00edveis ao desejo de tornar expl\u00edcita a centralidade dos contextos fr\u00e1geis e marginais em rela\u00e7\u00e3o \u00e0s pol\u00edticas promovidas pela UE. Uma centralidade que se manifesta, por um lado, atrav\u00e9s de pol\u00edticas espec\u00edficas promovidas pela UE, que investe nesses territ\u00f3rios tanto atrav\u00e9s de projetos como com a aloca\u00e7\u00e3o de recursos financeiros espec\u00edficos; por outro lado, colocando no centro pol\u00edticas gerais cujas repercuss\u00f5es n\u00e3o podem deixar de afetar diretamente esses contextos territoriais. Em outras palavras, os objetivos perseguidos relativos ao fortalecimento do processo de integra\u00e7\u00e3o europeia, bem como aqueles destinados a devolver dignidade \u00e0s institui\u00e7\u00f5es europeias, estimular o sentimento de perten\u00e7a dos cidad\u00e3os e desenvolver a solidariedade entre os cidad\u00e3os representam valores que envolvem diretamente, protegem e apoiam tamb\u00e9m as realidades territoriais mais fr\u00e1geis e marginais, estimulando a mobiliza\u00e7\u00e3o das comunidades locais na busca de caminhos end\u00f3genos para sair dos processos de marginaliza\u00e7\u00e3o.<\/p>\t\t\t\t\t\t<\/div>\n\t\t\t\t<\/div>\n\t\t\t\t\t<\/div>\n\t\t<\/div>\n\t\t\t\t<div class=\"elementor-column elementor-col-50 elementor-inner-column elementor-element elementor-element-ab8322f\" data-id=\"ab8322f\" data-element_type=\"column\">\n\t\t\t<div class=\"elementor-widget-wrap elementor-element-populated\">\n\t\t\t\t\t\t<div class=\"elementor-element elementor-element-c1db5ad elementor-widget__width-initial elementor-widget elementor-widget-image\" data-id=\"c1db5ad\" data-element_type=\"widget\" data-widget_type=\"image.default\">\n\t\t\t\t<div class=\"elementor-widget-container\">\n\t\t\t\t\t\t\t\t\t\t\t\t\t<img fetchpriority=\"high\" decoding=\"async\" width=\"300\" height=\"300\" src=\"https:\/\/smallable-project.eu\/wp-content\/uploads\/2023\/08\/3-2-300x300.png\" class=\"attachment-medium size-medium wp-image-183\" alt=\"\" srcset=\"https:\/\/smallable-project.eu\/wp-content\/uploads\/2023\/08\/3-2-300x300.png 300w, https:\/\/smallable-project.eu\/wp-content\/uploads\/2023\/08\/3-2-1024x1024.png 1024w, https:\/\/smallable-project.eu\/wp-content\/uploads\/2023\/08\/3-2-150x150.png 150w, https:\/\/smallable-project.eu\/wp-content\/uploads\/2023\/08\/3-2-768x768.png 768w, https:\/\/smallable-project.eu\/wp-content\/uploads\/2023\/08\/3-2-600x600.png 600w, https:\/\/smallable-project.eu\/wp-content\/uploads\/2023\/08\/3-2.png 1080w\" sizes=\"(max-width: 300px) 100vw, 300px\" \/>\t\t\t\t\t\t\t\t\t\t\t\t\t<\/div>\n\t\t\t\t<\/div>\n\t\t\t\t\t<\/div>\n\t\t<\/div>\n\t\t\t\t\t<\/div>\n\t\t<\/section>\n\t\t\t\t\t<\/div>\n\t\t<\/div>\n\t\t\t\t\t<\/div>\n\t\t<\/section>\n\t\t\t\t<section class=\"elementor-section elementor-top-section elementor-element elementor-element-74e206b elementor-section-boxed elementor-section-height-default elementor-section-height-default\" data-id=\"74e206b\" data-element_type=\"section\">\n\t\t\t\t\t\t<div class=\"elementor-container elementor-column-gap-default\">\n\t\t\t\t\t<div class=\"elementor-column elementor-col-100 elementor-top-column elementor-element elementor-element-908c017\" data-id=\"908c017\" data-element_type=\"column\">\n\t\t\t<div class=\"elementor-widget-wrap elementor-element-populated\">\n\t\t\t\t\t\t<section class=\"elementor-section elementor-inner-section elementor-element elementor-element-dd702a9 elementor-section-boxed elementor-section-height-default elementor-section-height-default\" data-id=\"dd702a9\" data-element_type=\"section\">\n\t\t\t\t\t\t<div class=\"elementor-container elementor-column-gap-default\">\n\t\t\t\t\t<div class=\"elementor-column elementor-col-100 elementor-inner-column elementor-element elementor-element-d5f0cf0\" data-id=\"d5f0cf0\" data-element_type=\"column\">\n\t\t\t<div class=\"elementor-widget-wrap elementor-element-populated\">\n\t\t\t\t\t\t<div class=\"elementor-element elementor-element-3ef5efa elementor-widget elementor-widget-text-editor\" data-id=\"3ef5efa\" data-element_type=\"widget\" data-widget_type=\"text-editor.default\">\n\t\t\t\t<div class=\"elementor-widget-container\">\n\t\t\t\t\t\t\t<p>Para realizar interven\u00e7\u00f5es incisivas que aspiram a perseguir resultados concretos e duradouros, \u00e9 necess\u00e1rio mudar a percep\u00e7\u00e3o t\u00e3o difundida quanto err\u00f4nea e construir representa\u00e7\u00f5es mais positivas das \u00e1reas marginais, rurais e montanhosas. Portanto, \u00e9 conveniente combater os conceitos aparentemente inescap\u00e1veis de decl\u00ednio ou desvantagem, despovoamento e abandono, convencionalmente associados a esses territ\u00f3rios, e promover, ao contr\u00e1rio, imagens e cen\u00e1rios favor\u00e1veis e vantajosos, capazes de devolver a riqueza de valores que se depositaram nesses territ\u00f3rios e a ampla heterogeneidade de recursos ativ\u00e1veis, em torno dos quais construir caminhos sustent\u00e1veis em termos econ\u00f4micos, sociais e ambientais.<\/p><p>Em outras palavras, trata-se de mudar a narrativa historicamente dominante atrav\u00e9s de uma invers\u00e3o de perspectiva que o Projeto prop\u00f5e perseguir mediante a aquisi\u00e7\u00e3o de consci\u00eancia por parte das comunidades de que o status de marginalidade n\u00e3o representa uma condi\u00e7\u00e3o inescap\u00e1vel, local e isolada, mas, ao contr\u00e1rio, diz respeito a uma parte significativa dos contextos regionais europeus, presente em quase todos os pa\u00edses membros da UE. Portanto, trata-se de identificar realidades semelhantes no contexto comunit\u00e1rio e considerar como, apesar das diferen\u00e7as espec\u00edficas, \u00e9 poss\u00edvel conceber e elaborar cen\u00e1rios futuros alternativos.<\/p>\t\t\t\t\t\t<\/div>\n\t\t\t\t<\/div>\n\t\t\t\t\t<\/div>\n\t\t<\/div>\n\t\t\t\t\t<\/div>\n\t\t<\/section>\n\t\t\t\t\t<\/div>\n\t\t<\/div>\n\t\t\t\t\t<\/div>\n\t\t<\/section>\n\t\t\t\t<section class=\"elementor-section elementor-top-section elementor-element elementor-element-14975ad elementor-section-boxed elementor-section-height-default elementor-section-height-default\" data-id=\"14975ad\" data-element_type=\"section\">\n\t\t\t\t\t\t<div class=\"elementor-container elementor-column-gap-default\">\n\t\t\t\t\t<div class=\"elementor-column elementor-col-100 elementor-top-column elementor-element elementor-element-813b6f0\" data-id=\"813b6f0\" data-element_type=\"column\">\n\t\t\t<div class=\"elementor-widget-wrap elementor-element-populated\">\n\t\t\t\t\t\t<div class=\"elementor-element elementor-element-0b7182a elementor-widget elementor-widget-spacer\" data-id=\"0b7182a\" data-element_type=\"widget\" data-widget_type=\"spacer.default\">\n\t\t\t\t<div class=\"elementor-widget-container\">\n\t\t\t\t\t<div class=\"elementor-spacer\">\n\t\t\t<div class=\"elementor-spacer-inner\"><\/div>\n\t\t<\/div>\n\t\t\t\t<\/div>\n\t\t\t\t<\/div>\n\t\t\t\t\t<\/div>\n\t\t<\/div>\n\t\t\t\t\t<\/div>\n\t\t<\/section>\n\t\t\t\t<\/div>\n\t\t","protected":false},"excerpt":{"rendered":"<p>AS RAZ\u00d5ES DO PROJETO As raz\u00f5es do Projeto SMALLABLE s\u00e3o atribu\u00edveis ao desejo de tornar expl\u00edcita a centralidade dos contextos fr\u00e1geis e marginais em rela\u00e7\u00e3o \u00e0s pol\u00edticas promovidas pela UE. Uma centralidade que se manifesta, por um lado, atrav\u00e9s de pol\u00edticas espec\u00edficas promovidas pela UE, que investe nesses territ\u00f3rios tanto atrav\u00e9s de projetos como com [&hellip;]<\/p>\n","protected":false},"author":1,"featured_media":0,"parent":0,"menu_order":0,"comment_status":"closed","ping_status":"closed","template":"","meta":{"ocean_post_layout":"full-screen","ocean_both_sidebars_style":"","ocean_both_sidebars_content_width":0,"ocean_both_sidebars_sidebars_width":0,"ocean_sidebar":"0","ocean_second_sidebar":"0","ocean_disable_margins":"enable","ocean_add_body_class":"","ocean_shortcode_before_top_bar":"","ocean_shortcode_after_top_bar":"","ocean_shortcode_before_header":"","ocean_shortcode_after_header":"","ocean_has_shortcode":"","ocean_shortcode_after_title":"","ocean_shortcode_before_footer_widgets":"","ocean_shortcode_after_footer_widgets":"","ocean_shortcode_before_footer_bottom":"","ocean_shortcode_after_footer_bottom":"","ocean_display_top_bar":"default","ocean_display_header":"default","ocean_header_style":"","ocean_center_header_left_menu":"0","ocean_custom_header_template":"0","ocean_custom_logo":0,"ocean_custom_retina_logo":0,"ocean_custom_logo_max_width":0,"ocean_custom_logo_tablet_max_width":0,"ocean_custom_logo_mobile_max_width":0,"ocean_custom_logo_max_height":0,"ocean_custom_logo_tablet_max_height":0,"ocean_custom_logo_mobile_max_height":0,"ocean_header_custom_menu":"0","ocean_menu_typo_font_family":"0","ocean_menu_typo_font_subset":"","ocean_menu_typo_font_size":0,"ocean_menu_typo_font_size_tablet":0,"ocean_menu_typo_font_size_mobile":0,"ocean_menu_typo_font_size_unit":"px","ocean_menu_typo_font_weight":"","ocean_menu_typo_font_weight_tablet":"","ocean_menu_typo_font_weight_mobile":"","ocean_menu_typo_transform":"","ocean_menu_typo_transform_tablet":"","ocean_menu_typo_transform_mobile":"","ocean_menu_typo_line_height":0,"ocean_menu_typo_line_height_tablet":0,"ocean_menu_typo_line_height_mobile":0,"ocean_menu_typo_line_height_unit":"","ocean_menu_typo_spacing":0,"ocean_menu_typo_spacing_tablet":0,"ocean_menu_typo_spacing_mobile":0,"ocean_menu_typo_spacing_unit":"","ocean_menu_link_color":"","ocean_menu_link_color_hover":"","ocean_menu_link_color_active":"","ocean_menu_link_background":"","ocean_menu_link_hover_background":"","ocean_menu_link_active_background":"","ocean_menu_social_links_bg":"","ocean_menu_social_hover_links_bg":"","ocean_menu_social_links_color":"","ocean_menu_social_hover_links_color":"","ocean_disable_title":"on","ocean_disable_heading":"default","ocean_post_title":"","ocean_post_subheading":"","ocean_post_title_style":"","ocean_post_title_background_color":"","ocean_post_title_background":0,"ocean_post_title_bg_image_position":"","ocean_post_title_bg_image_attachment":"","ocean_post_title_bg_image_repeat":"","ocean_post_title_bg_image_size":"","ocean_post_title_height":0,"ocean_post_title_bg_overlay":0.5,"ocean_post_title_bg_overlay_color":"","ocean_disable_breadcrumbs":"default","ocean_breadcrumbs_color":"","ocean_breadcrumbs_separator_color":"","ocean_breadcrumbs_links_color":"","ocean_breadcrumbs_links_hover_color":"","ocean_display_footer_widgets":"default","ocean_display_footer_bottom":"default","ocean_custom_footer_template":"0","footnotes":""},"class_list":["post-490","page","type-page","status-publish","hentry","entry"],"_links":{"self":[{"href":"https:\/\/smallable-project.eu\/index.php?rest_route=\/wp\/v2\/pages\/490","targetHints":{"allow":["GET"]}}],"collection":[{"href":"https:\/\/smallable-project.eu\/index.php?rest_route=\/wp\/v2\/pages"}],"about":[{"href":"https:\/\/smallable-project.eu\/index.php?rest_route=\/wp\/v2\/types\/page"}],"author":[{"embeddable":true,"href":"https:\/\/smallable-project.eu\/index.php?rest_route=\/wp\/v2\/users\/1"}],"replies":[{"embeddable":true,"href":"https:\/\/smallable-project.eu\/index.php?rest_route=%2Fwp%2Fv2%2Fcomments&post=490"}],"version-history":[{"count":4,"href":"https:\/\/smallable-project.eu\/index.php?rest_route=\/wp\/v2\/pages\/490\/revisions"}],"predecessor-version":[{"id":494,"href":"https:\/\/smallable-project.eu\/index.php?rest_route=\/wp\/v2\/pages\/490\/revisions\/494"}],"wp:attachment":[{"href":"https:\/\/smallable-project.eu\/index.php?rest_route=%2Fwp%2Fv2%2Fmedia&parent=490"}],"curies":[{"name":"wp","href":"https:\/\/api.w.org\/{rel}","templated":true}]}}