{"id":138,"date":"2023-08-24T17:33:41","date_gmt":"2023-08-24T17:33:41","guid":{"rendered":"https:\/\/smallable-project.eu\/?page_id=138"},"modified":"2024-10-22T11:41:33","modified_gmt":"2024-10-22T11:41:33","slug":"le-ragioni-del-progetto","status":"publish","type":"page","link":"https:\/\/smallable-project.eu\/?page_id=138&lang=it","title":{"rendered":"Le ragioni del progetto"},"content":{"rendered":"\t\t<div data-elementor-type=\"wp-page\" data-elementor-id=\"138\" class=\"elementor elementor-138\">\n\t\t\t\t\t\t<section class=\"elementor-section elementor-top-section elementor-element elementor-element-18f7852c elementor-section-content-middle elementor-section-boxed elementor-section-height-default elementor-section-height-default\" data-id=\"18f7852c\" data-element_type=\"section\" data-settings=\"{&quot;background_background&quot;:&quot;classic&quot;}\">\n\t\t\t\t\t\t<div class=\"elementor-container elementor-column-gap-no\">\n\t\t\t\t\t<div class=\"elementor-column elementor-col-100 elementor-top-column elementor-element elementor-element-4d407d3e\" data-id=\"4d407d3e\" data-element_type=\"column\">\n\t\t\t<div class=\"elementor-widget-wrap\">\n\t\t\t\t\t\t\t<\/div>\n\t\t<\/div>\n\t\t\t\t\t<\/div>\n\t\t<\/section>\n\t\t\t\t<section class=\"elementor-section elementor-top-section elementor-element elementor-element-5b246ca6 elementor-section-boxed elementor-section-height-default elementor-section-height-default\" data-id=\"5b246ca6\" data-element_type=\"section\">\n\t\t\t\t\t\t<div class=\"elementor-container elementor-column-gap-default\">\n\t\t\t\t\t<div class=\"elementor-column elementor-col-100 elementor-top-column elementor-element elementor-element-2e7f604\" data-id=\"2e7f604\" data-element_type=\"column\">\n\t\t\t<div class=\"elementor-widget-wrap elementor-element-populated\">\n\t\t\t\t\t\t<div class=\"elementor-element elementor-element-44590dc5 elementor-widget elementor-widget-heading\" data-id=\"44590dc5\" data-element_type=\"widget\" data-widget_type=\"heading.default\">\n\t\t\t\t<div class=\"elementor-widget-container\">\n\t\t\t<h4 class=\"elementor-heading-title elementor-size-large\">LE RAGIONI DEL PROGETTO<\/h4>\t\t<\/div>\n\t\t\t\t<\/div>\n\t\t\t\t<div class=\"elementor-element elementor-element-4c6bc7f2 elementor-widget-divider--separator-type-pattern elementor-widget-divider--no-spacing elementor-widget-divider--view-line elementor-widget elementor-widget-divider\" data-id=\"4c6bc7f2\" data-element_type=\"widget\" data-widget_type=\"divider.default\">\n\t\t\t\t<div class=\"elementor-widget-container\">\n\t\t\t\t\t<div class=\"elementor-divider\" style=\"--divider-pattern-url: url(&quot;data:image\/svg+xml,%3Csvg xmlns=&#039;http:\/\/www.w3.org\/2000\/svg&#039; preserveAspectRatio=&#039;xMidYMid meet&#039; overflow=&#039;visible&#039; height=&#039;100%&#039; viewBox=&#039;0 0 126 26&#039; fill=&#039;black&#039; stroke=&#039;none&#039;%3E%3Cpath d=&#039;M3,10.2c2.6,0,2.6,2,2.6,3.2S4.4,16.5,3,16.5s-3-1.4-3-3.2S0.4,10.2,3,10.2z M18.8,10.2c1.7,0,3.2,1.4,3.2,3.2s-1.4,3.2-3.2,3.2c-1.7,0-3.2-1.4-3.2-3.2S17,10.2,18.8,10.2z M34.6,10.2c1.5,0,2.6,1.4,2.6,3.2s-0.5,3.2-1.9,3.2c-1.5,0-3.4-1.4-3.4-3.2S33.1,10.2,34.6,10.2z M50.5,10.2c1.7,0,3.2,1.4,3.2,3.2s-1.4,3.2-3.2,3.2c-1.7,0-3.3-0.9-3.3-2.6S48.7,10.2,50.5,10.2z M66.2,10.2c1.5,0,3.4,1.4,3.4,3.2s-1.9,3.2-3.4,3.2c-1.5,0-2.6-0.4-2.6-2.1S64.8,10.2,66.2,10.2z M82.2,10.2c1.7,0.8,2.6,1.4,2.6,3.2s-0.1,3.2-1.6,3.2c-1.5,0-3.7-1.4-3.7-3.2S80.5,9.4,82.2,10.2zM98.6,10.2c1.5,0,2.6,0.4,2.6,2.1s-1.2,4.2-2.6,4.2c-1.5,0-3.7-0.4-3.7-2.1S97.1,10.2,98.6,10.2z M113.4,10.2c1.2,0,2.2,0.9,2.2,3.2s-0.1,3.2-1.3,3.2s-3.1-1.4-3.1-3.2S112.2,10.2,113.4,10.2z&#039;\/%3E%3C\/svg%3E&quot;);\">\n\t\t\t<span class=\"elementor-divider-separator\">\n\t\t\t\t\t\t<\/span>\n\t\t<\/div>\n\t\t\t\t<\/div>\n\t\t\t\t<\/div>\n\t\t\t\t\t<\/div>\n\t\t<\/div>\n\t\t\t\t\t<\/div>\n\t\t<\/section>\n\t\t\t\t<section class=\"elementor-section elementor-top-section elementor-element elementor-element-582ec8c elementor-section-boxed elementor-section-height-default elementor-section-height-default\" data-id=\"582ec8c\" data-element_type=\"section\">\n\t\t\t\t\t\t<div class=\"elementor-container elementor-column-gap-default\">\n\t\t\t\t\t<div class=\"elementor-column elementor-col-100 elementor-top-column elementor-element elementor-element-679c250\" data-id=\"679c250\" data-element_type=\"column\">\n\t\t\t<div class=\"elementor-widget-wrap elementor-element-populated\">\n\t\t\t\t\t\t<section class=\"elementor-section elementor-inner-section elementor-element elementor-element-79bee55 elementor-section-boxed elementor-section-height-default elementor-section-height-default\" data-id=\"79bee55\" data-element_type=\"section\">\n\t\t\t\t\t\t<div class=\"elementor-container elementor-column-gap-default\">\n\t\t\t\t\t<div class=\"elementor-column elementor-col-50 elementor-inner-column elementor-element elementor-element-871a4b7\" data-id=\"871a4b7\" data-element_type=\"column\">\n\t\t\t<div class=\"elementor-widget-wrap elementor-element-populated\">\n\t\t\t\t\t\t<div class=\"elementor-element elementor-element-197ef61 elementor-widget__width-initial elementor-widget elementor-widget-text-editor\" data-id=\"197ef61\" data-element_type=\"widget\" data-widget_type=\"text-editor.default\">\n\t\t\t\t<div class=\"elementor-widget-container\">\n\t\t\t\t\t\t\t<p>Le ragioni del Progetto SMALLABLE sono riconducibili alla volont\u00e0 di rendere esplicita la centralit\u00e0 dei contesti fragili e marginali rispetto alle politiche promosse dalla UE. Una centralit\u00e0 che si manifesta, da un lato, attraverso politiche specifiche promosse dall&#8217;UE, che investe su tali territori sia attraverso progetti che con lo stanziamento di specifiche risorse finanziarie; dall&#8217;altro, ponendo al centro politiche generali le cui ricadute non possono che investire direttamente tali contesti territoriali. In altre parole, gli obiettivi perseguiti relativi al rafforzamento del processo di integrazione europea, cos\u00ec come quelli volti a restituire dignit\u00e0 alle istituzioni europee, a stimolare il senso di appartenenza dei cittadini e a sviluppare la solidariet\u00e0 tra i cittadini rappresentano valori che coinvolgono direttamente, tutelano e sostengono anche le realt\u00e0 territoriali pi\u00f9 fragili e marginali, stimolando la mobilitazione delle comunit\u00e0 locali nella ricerca di percorsi endogeni di fuoriuscita dai processi di marginalizzazione.<\/p>\t\t\t\t\t\t<\/div>\n\t\t\t\t<\/div>\n\t\t\t\t\t<\/div>\n\t\t<\/div>\n\t\t\t\t<div class=\"elementor-column elementor-col-50 elementor-inner-column elementor-element elementor-element-ab8322f\" data-id=\"ab8322f\" data-element_type=\"column\">\n\t\t\t<div class=\"elementor-widget-wrap elementor-element-populated\">\n\t\t\t\t\t\t<div class=\"elementor-element elementor-element-c1db5ad elementor-widget__width-initial elementor-widget elementor-widget-image\" data-id=\"c1db5ad\" data-element_type=\"widget\" data-widget_type=\"image.default\">\n\t\t\t\t<div class=\"elementor-widget-container\">\n\t\t\t\t\t\t\t\t\t\t\t\t\t<img fetchpriority=\"high\" decoding=\"async\" width=\"1024\" height=\"1024\" src=\"https:\/\/smallable-project.eu\/wp-content\/uploads\/2023\/08\/3-2-1024x1024.png\" class=\"attachment-large size-large wp-image-183\" alt=\"\" srcset=\"https:\/\/smallable-project.eu\/wp-content\/uploads\/2023\/08\/3-2-1024x1024.png 1024w, https:\/\/smallable-project.eu\/wp-content\/uploads\/2023\/08\/3-2-300x300.png 300w, https:\/\/smallable-project.eu\/wp-content\/uploads\/2023\/08\/3-2-150x150.png 150w, https:\/\/smallable-project.eu\/wp-content\/uploads\/2023\/08\/3-2-768x768.png 768w, https:\/\/smallable-project.eu\/wp-content\/uploads\/2023\/08\/3-2-600x600.png 600w, https:\/\/smallable-project.eu\/wp-content\/uploads\/2023\/08\/3-2.png 1080w\" sizes=\"(max-width: 1024px) 100vw, 1024px\" \/>\t\t\t\t\t\t\t\t\t\t\t\t\t<\/div>\n\t\t\t\t<\/div>\n\t\t\t\t\t<\/div>\n\t\t<\/div>\n\t\t\t\t\t<\/div>\n\t\t<\/section>\n\t\t\t\t\t<\/div>\n\t\t<\/div>\n\t\t\t\t\t<\/div>\n\t\t<\/section>\n\t\t\t\t<section class=\"elementor-section elementor-top-section elementor-element elementor-element-7702c82 elementor-section-boxed elementor-section-height-default elementor-section-height-default\" data-id=\"7702c82\" data-element_type=\"section\">\n\t\t\t\t\t\t<div class=\"elementor-container elementor-column-gap-default\">\n\t\t\t\t\t<div class=\"elementor-column elementor-col-100 elementor-top-column elementor-element elementor-element-fef507e\" data-id=\"fef507e\" data-element_type=\"column\">\n\t\t\t<div class=\"elementor-widget-wrap elementor-element-populated\">\n\t\t\t\t\t\t<div class=\"elementor-element elementor-element-9bd3438 elementor-widget__width-initial elementor-widget elementor-widget-text-editor\" data-id=\"9bd3438\" data-element_type=\"widget\" data-widget_type=\"text-editor.default\">\n\t\t\t\t<div class=\"elementor-widget-container\">\n\t\t\t\t\t\t\t<p>Per realizzare interventi incisivi che aspirino a perseguire risultati concreti e duraturi, \u00e8 necessario rovesciare lo sguardo da una percezione tanto diffusa quanto errata, e costruire rappresentazioni pi\u00f9 positive delle aree marginali, rurali e montane. \u00c8 opportuno, quindi, contrastare i concetti apparentemente ineludibili di declino o svantaggio, spopolamento e abbandono, convenzionalmente associati a questi territori, e promuovere, al contrario, immagini e scenari favorevoli e vantaggiosi, in grado di restituire la ricchezza di valori che si sono depositati su questi territori e l&#8217;ampia eterogeneit\u00e0 di risorse attivabili, attorno alle quali costruire percorsi sostenibili in termini economici, sociali e ambientali.<\/p><p>In altre parole, si tratta di cambiare la narrazione storicamente dominante attraverso un&#8217;inversione di sguardo che il Progetto propone di perseguire attraverso l&#8217;acquisizione di consapevolezza da parte delle comunit\u00e0 che lo status di marginalit\u00e0 non rappresenta una condizione ineludibile, locale e isolata, ma che al contrario riguarda una parte significativa dei contesti regionali europei, presente in quasi tutti i Paesi componenti l&#8217;UE. Si tratta, quindi, di individuare realt\u00e0 affini nel contesto comunitario e di considerare come, pur con le specifiche differenze, si possa arrivare a concepire ed elaborare scenari futuri alternativi.<\/p>\t\t\t\t\t\t<\/div>\n\t\t\t\t<\/div>\n\t\t\t\t\t<\/div>\n\t\t<\/div>\n\t\t\t\t\t<\/div>\n\t\t<\/section>\n\t\t\t\t<\/div>\n\t\t","protected":false},"excerpt":{"rendered":"<p>LE RAGIONI DEL PROGETTO Le ragioni del Progetto SMALLABLE sono riconducibili alla volont\u00e0 di rendere esplicita la centralit\u00e0 dei contesti fragili e marginali rispetto alle politiche promosse dalla UE. Una centralit\u00e0 che si manifesta, da un lato, attraverso politiche specifiche promosse dall&#8217;UE, che investe su tali territori sia attraverso progetti che con lo stanziamento di [&hellip;]<\/p>\n","protected":false},"author":1,"featured_media":0,"parent":0,"menu_order":0,"comment_status":"closed","ping_status":"closed","template":"","meta":{"ocean_post_layout":"full-screen","ocean_both_sidebars_style":"","ocean_both_sidebars_content_width":0,"ocean_both_sidebars_sidebars_width":0,"ocean_sidebar":"0","ocean_second_sidebar":"0","ocean_disable_margins":"enable","ocean_add_body_class":"","ocean_shortcode_before_top_bar":"","ocean_shortcode_after_top_bar":"","ocean_shortcode_before_header":"","ocean_shortcode_after_header":"","ocean_has_shortcode":"","ocean_shortcode_after_title":"","ocean_shortcode_before_footer_widgets":"","ocean_shortcode_after_footer_widgets":"","ocean_shortcode_before_footer_bottom":"","ocean_shortcode_after_footer_bottom":"","ocean_display_top_bar":"default","ocean_display_header":"default","ocean_header_style":"","ocean_center_header_left_menu":"0","ocean_custom_header_template":"0","ocean_custom_logo":0,"ocean_custom_retina_logo":0,"ocean_custom_logo_max_width":0,"ocean_custom_logo_tablet_max_width":0,"ocean_custom_logo_mobile_max_width":0,"ocean_custom_logo_max_height":0,"ocean_custom_logo_tablet_max_height":0,"ocean_custom_logo_mobile_max_height":0,"ocean_header_custom_menu":"0","ocean_menu_typo_font_family":"0","ocean_menu_typo_font_subset":"","ocean_menu_typo_font_size":0,"ocean_menu_typo_font_size_tablet":0,"ocean_menu_typo_font_size_mobile":0,"ocean_menu_typo_font_size_unit":"px","ocean_menu_typo_font_weight":"","ocean_menu_typo_font_weight_tablet":"","ocean_menu_typo_font_weight_mobile":"","ocean_menu_typo_transform":"","ocean_menu_typo_transform_tablet":"","ocean_menu_typo_transform_mobile":"","ocean_menu_typo_line_height":0,"ocean_menu_typo_line_height_tablet":0,"ocean_menu_typo_line_height_mobile":0,"ocean_menu_typo_line_height_unit":"","ocean_menu_typo_spacing":0,"ocean_menu_typo_spacing_tablet":0,"ocean_menu_typo_spacing_mobile":0,"ocean_menu_typo_spacing_unit":"","ocean_menu_link_color":"","ocean_menu_link_color_hover":"","ocean_menu_link_color_active":"","ocean_menu_link_background":"","ocean_menu_link_hover_background":"","ocean_menu_link_active_background":"","ocean_menu_social_links_bg":"","ocean_menu_social_hover_links_bg":"","ocean_menu_social_links_color":"","ocean_menu_social_hover_links_color":"","ocean_disable_title":"on","ocean_disable_heading":"default","ocean_post_title":"","ocean_post_subheading":"","ocean_post_title_style":"","ocean_post_title_background_color":"","ocean_post_title_background":0,"ocean_post_title_bg_image_position":"","ocean_post_title_bg_image_attachment":"","ocean_post_title_bg_image_repeat":"","ocean_post_title_bg_image_size":"","ocean_post_title_height":0,"ocean_post_title_bg_overlay":0.5,"ocean_post_title_bg_overlay_color":"","ocean_disable_breadcrumbs":"default","ocean_breadcrumbs_color":"","ocean_breadcrumbs_separator_color":"","ocean_breadcrumbs_links_color":"","ocean_breadcrumbs_links_hover_color":"","ocean_display_footer_widgets":"default","ocean_display_footer_bottom":"default","ocean_custom_footer_template":"0","footnotes":""},"class_list":["post-138","page","type-page","status-publish","hentry","entry"],"_links":{"self":[{"href":"https:\/\/smallable-project.eu\/index.php?rest_route=\/wp\/v2\/pages\/138","targetHints":{"allow":["GET"]}}],"collection":[{"href":"https:\/\/smallable-project.eu\/index.php?rest_route=\/wp\/v2\/pages"}],"about":[{"href":"https:\/\/smallable-project.eu\/index.php?rest_route=\/wp\/v2\/types\/page"}],"author":[{"embeddable":true,"href":"https:\/\/smallable-project.eu\/index.php?rest_route=\/wp\/v2\/users\/1"}],"replies":[{"embeddable":true,"href":"https:\/\/smallable-project.eu\/index.php?rest_route=%2Fwp%2Fv2%2Fcomments&post=138"}],"version-history":[{"count":16,"href":"https:\/\/smallable-project.eu\/index.php?rest_route=\/wp\/v2\/pages\/138\/revisions"}],"predecessor-version":[{"id":417,"href":"https:\/\/smallable-project.eu\/index.php?rest_route=\/wp\/v2\/pages\/138\/revisions\/417"}],"wp:attachment":[{"href":"https:\/\/smallable-project.eu\/index.php?rest_route=%2Fwp%2Fv2%2Fmedia&parent=138"}],"curies":[{"name":"wp","href":"https:\/\/api.w.org\/{rel}","templated":true}]}}